{"id":66,"date":"2019-12-12T15:23:58","date_gmt":"2019-12-12T15:23:58","guid":{"rendered":"http:\/\/jtpmedia.com\/?page_id=66"},"modified":"2022-10-31T20:28:01","modified_gmt":"2022-10-31T18:28:01","slug":"jtp-media-info-valokuvaaja-videokuvaaja","status":"publish","type":"page","link":"https:\/\/jtpmedia.com\/en\/jtp-media-info-valokuvaaja-videokuvaaja\/","title":{"rendered":"Info"},"content":{"rendered":"<figure class=\"wp-block-image size-medium is-resized\"><img data-recalc-dims=\"1\" loading=\"lazy\" decoding=\"async\" data-attachment-id=\"189\" data-permalink=\"https:\/\/jtpmedia.com\/en\/dsc03604-edit-1\/\" data-orig-file=\"https:\/\/i0.wp.com\/jtpmedia.com\/wp-content\/uploads\/2019\/12\/dsc03604-edit-1.jpg?fit=2048%2C2048&amp;ssl=1\" data-orig-size=\"2048,2048\" data-comments-opened=\"1\" data-image-meta=\"{&quot;aperture&quot;:&quot;1.4&quot;,&quot;credit&quot;:&quot;JTP Media Janne Pappila&quot;,&quot;camera&quot;:&quot;ILCE-6500&quot;,&quot;caption&quot;:&quot;&quot;,&quot;created_timestamp&quot;:&quot;1530908269&quot;,&quot;copyright&quot;:&quot;&quot;,&quot;focal_length&quot;:&quot;85&quot;,&quot;iso&quot;:&quot;100&quot;,&quot;shutter_speed&quot;:&quot;0.0005&quot;,&quot;title&quot;:&quot;&quot;,&quot;orientation&quot;:&quot;1&quot;}\" data-image-title=\"dsc03604-edit-1\" data-image-description=\"\" data-image-caption=\"\" data-large-file=\"https:\/\/i0.wp.com\/jtpmedia.com\/wp-content\/uploads\/2019\/12\/dsc03604-edit-1.jpg?fit=750%2C750&amp;ssl=1\" src=\"https:\/\/i0.wp.com\/jtpmedia.com\/wp-content\/uploads\/2019\/12\/dsc03604-edit-1.jpg?resize=512%2C512&#038;ssl=1\" alt=\"\" class=\"wp-image-189\" width=\"512\" height=\"512\"\/><\/figure>\n\n\n\n<p class=\"has-text-align-justify wp-block-paragraph\">My name is Janne Pappila,  I am a 41-year-old relaxed, brave and multilayered photographer and videographer from Helsinki, Finland. If you need your important day or event photographed or you want to show your company's products, send me a message and let\u2019s arrange a package suitable for you!<\/p>\n\n\n\n<p class=\"has-text-align-justify wp-block-paragraph\">Some of the services I offer and am proficient in: studio, event, commercial, real-estate, construction or documentary photography and retouching from simple to beauty or compositing. Video services such as recording and editing with a normal camera or drone as well as audio recording. I am available for teaching and consulting, graphic and media work, and production. A comprehensive list of my services and prices can be found on the Price List page.<\/p>\n\n\n\n<p class=\"has-text-align-justify wp-block-paragraph\">What I excel at is showing things that are not normally noticed in a transient situation, with strong moments in the midst of action, expressions, emotions and invaluable memories. Variety is equally important to me, which is why I am available for specialised services ranging from weddings to corporate, product photography or event photography as well as videography.<\/p>\n\n\n\n<p class=\"has-text-align-justify wp-block-paragraph\">Olen suorittanut erilaisia kuvauksia muun muassa, Sanoma Media Finlandille, Arctic Startupille, Lataamo Groupille, Lecalle, Ideal PLM:lle, Clas Ohlsonille, Naisten Oma P\u00f6rssiklubille, Suomen mets\u00e4yhdistykselle, Procom Oy:lle, Solitalle, Providental Oy:lle, Siemensille, Suomen Mentoreille, Trimblelle, Hopiasepille,&nbsp; VRJ:lle, Infernolle, Soundille, Rumballe, Imperiumille, Kaaoszinelle, Marathonfotolle ja X-tremelle. Olen kuvannut lukuisia h\u00e4it\u00e4 ja h\u00e4\u00e4pareja omann\u00e4k\u00f6isiss\u00e4\u00e4n ymp\u00e4rist\u00f6iss\u00e4. Kuvaan my\u00f6s ammattimaisia videoita, joita yh\u00e4 useammat asiakkaani t\u00e4ll\u00e4 hetkell\u00e4 toivovat.<\/p>\n\n\n\n<p class=\"has-text-align-justify wp-block-paragraph translation-block\">Before finding photography, I did various jobs in the IT-world and electronics and metal industry. In 2013 I started the Lahti Adult Education College with a focus in photography. After one year of education in Lahti, I spent 2 years from 2014 until 2016 in the Stadin professional school in Helsinki, getting my professional degree in photography. Once September 2016 rolled in, I became an apprentice for the awarded photographer Petri Mast. After my internship ended in 2017, I became a full-time working professional photographer. My strengths are organization, versatility and flexibility, it makes me truly happy to turn ideas into reality. I aim to go above and beyond to deliver a flawless product based on the wishes of the client.<\/p>\n\n\n\n<p class=\"has-text-align-justify wp-block-paragraph\">I picked up my first Canon camera 9 years ago and after 3 months of practice I shot my first event at the ice hall. That same month I also got to photograph and review Iron Maiden at the Olympic Stadium. This is where my passions for music and photography met for the first time.<\/p>\n\n\n\n<p class=\"has-text-align-justify wp-block-paragraph\">Olen ennakkoluuloton enk\u00e4 pelk\u00e4\u00e4 l\u00e4hte\u00e4 mihink\u00e4\u00e4n tilanteeseen kamerani kanssa. Osaan kohdata ihmiset l\u00e4mm\u00f6ll\u00e4 ja rennosti kuvaustilanteissa, joita moni saattaa j\u00e4nnitt\u00e4\u00e4. Muita vahvuuksiani ovat monipuolisuus,&nbsp; muuntautumiskyky, yksil\u00f6llisyys ja erinomaiset kuvank\u00e4sittelytaidot.<\/p>\n\n\n\n<div style=\"height:32px\" aria-hidden=\"true\" class=\"wp-block-spacer desktop-only\"><\/div>\n\n\n\n<h3 class=\"has-text-align-center wp-block-heading\">Reviews<\/h3>\n\n\n\n<div class=\"wp-block-columns alignwide has-3-columns is-layout-flex wp-container-core-columns-is-layout-7387b849 wp-block-columns-is-layout-flex\">\n<div class=\"wp-block-column is-layout-flow wp-block-column-is-layout-flow\">\n<blockquote class=\"wp-block-quote is-layout-flow wp-block-quote-is-layout-flow\">\n<p class=\"wp-block-paragraph\">We were very happy with our choice. We would definitely recommend Janne to anyone who is looking for a great photographer. <\/p>\n<cite> A Happy Couple<\/cite><\/blockquote>\n\n\n\n<blockquote class=\"wp-block-quote is-layout-flow wp-block-quote-is-layout-flow\">\n<p class=\"wp-block-paragraph\">Yhteisty\u00f6 sujui mainiosti ja saimme yrityksemme n\u00e4k\u00f6iset ammattimaiset kuvat. Kiitos!<\/p>\n<cite>Clas Ohlson <\/cite><\/blockquote>\n\n\n\n<blockquote class=\"wp-block-quote is-layout-flow wp-block-quote-is-layout-flow\">\n<p class=\"wp-block-paragraph\">Janne on todella ammattimainen kuvaaja ja mukava henkil\u00f6, jonka kanssa tulee helposti toimeen. H\u00e4nelle oli helppo esitt\u00e4\u00e4 toiveita ja ideoita. Olimme eritt\u00e4in tyytyv\u00e4isi\u00e4 sek\u00e4 h\u00e4\u00e4potretti ett\u00e4 h\u00e4\u00e4juhlakuviin. Kokemuksemme perusteella voimme suositella h\u00e4nt\u00e4 vahvasti h\u00e4\u00e4kuvausta harkitseville.<\/p>\n<cite>Onnelinnen pariskunta<\/cite><\/blockquote>\n<\/div>\n\n\n\n<div class=\"wp-block-column is-layout-flow wp-block-column-is-layout-flow\">\n<blockquote class=\"wp-block-quote is-layout-flow wp-block-quote-is-layout-flow\">\n<p class=\"wp-block-paragraph\">Saatiin tosi sujuvasti ja nopeasti kuvauskeikka onnistumaan haastavalle ty\u00f6maalle. Kuvista tuli hienoja ja niit\u00e4 voi k\u00e4ytt\u00e4\u00e4 monipuolisesti markkinoinnissamme. <\/p>\n<cite> Leca Finland Oy<\/cite><\/blockquote>\n\n\n\n<blockquote class=\"wp-block-quote is-layout-flow wp-block-quote-is-layout-flow\">\n<p class=\"wp-block-paragraph\">Tuhannet kiitokset! Kaikki meni aivan t\u00e4ydellisesti: Teknisesti nappiin, hyv\u00e4ss\u00e4 hengess\u00e4 ja kaikin tavoin kohdalleen. Super.<\/p>\n<cite>Hopiasep\u00e4t<\/cite><\/blockquote>\n<\/div>\n\n\n\n<div class=\"wp-block-column is-layout-flow wp-block-column-is-layout-flow\">\n<blockquote class=\"wp-block-quote is-layout-flow wp-block-quote-is-layout-flow\">\n<p class=\"wp-block-paragraph\">Kuvaaja oli oma-aloitteinen ja melko v\u00e4h\u00e4isell\u00e4 briiffill\u00e4 onnistui saamaan oikein hyvi\u00e4 kuvia. P\u00e4iv\u00e4 oli pitk\u00e4, mutta kuvaaja jaksoi hienosti koko p\u00e4iv\u00e4n. Meid\u00e4n asiakas oli tyytyv\u00e4inen tulokseen eli kuviin, joten mekin olemme<\/p>\n<cite>HRG Events<\/cite><\/blockquote>\n\n\n\n<blockquote class=\"wp-block-quote is-layout-flow wp-block-quote-is-layout-flow\">\n<p class=\"wp-block-paragraph\">L\u00e4mmin suositus Jannelle h\u00e4\u00e4kuvaajana &#8211; olimme oikein tyytyv\u00e4isi\u00e4 sek\u00e4 potretti- ett\u00e4 h\u00e4\u00e4juhlakuviin. Yhteisty\u00f6 oli mukavaa, yhteydenpito tehokasta ja kuvat saimme h\u00e4iden j\u00e4lkeen nopealla aikataululla. Huipputyyppi ja upeita kuvia!<\/p>\n<cite> Onnellinen pariskunta <\/cite><\/blockquote>\n<\/div>\n<\/div>\n\n\n\n<div style=\"height:32px\" aria-hidden=\"true\" class=\"wp-block-spacer desktop-only\"><\/div>\n\n\n\n<hr class=\"wp-block-separator has-css-opacity is-style-wide\"\/>\n\n\n\n<div style=\"height:32px\" aria-hidden=\"true\" class=\"wp-block-spacer desktop-only\"><\/div>\n\n\n\n<h2 class=\"has-text-align-center wp-block-heading\">Get in touch!<\/h2>\n\n\n\n<div class=\"wp-block-jetpack-contact-info\">\n\n\n\n<\/div>\n\n\n<div class=\"wp-block-jetpack-contact-form is-layout-flex wp-container-jetpack-contact-form-is-layout-b9bba262 wp-block-jetpack-contact-form-is-layout-flex\"><a href=\"https:\/\/jtpmedia.com\/en\/jtp-media-info-valokuvaaja-videokuvaaja\/\" target=\"_blank\" rel=\"noopener noreferrer\">Submit a form.<\/a><\/div>\n\n\n<div style=\"height:32px\" aria-hidden=\"true\" class=\"wp-block-spacer desktop-only\"><\/div>\n\n\n\n<hr class=\"wp-block-separator has-css-opacity is-style-wide\"\/>\n\n\n\n<div style=\"height:32px\" aria-hidden=\"true\" class=\"wp-block-spacer\"><\/div>","protected":false},"excerpt":{"rendered":"<p>Mun nimi on Janne Pappila. Olen 41-vuotias helsinkil\u00e4inen rento, rohkea ja moniulotteinen valokuvaaja ja videokuvaaja. Jos haluat taltioida t\u00e4rke\u00e4n p\u00e4iv\u00e4si, tapahtumasi tai esitell\u00e4 yrityksesi tuotteen, laita rohkeasti viesti\u00e4 ja sovitaan sopiva valokuvauspaketti! Tuotteitani ovat muun muassa h\u00e4\u00e4kuvaus, studiokuvaus, tapahtumakuvaus, lokaatiokuvaus, kiinteist\u00f6-, ja asuntokuvaus, dokumentaarinen kuvaus, mainoskuvaus, videokuvaus, \u00e4\u00e4nitallennus, editointi, videoeditointi, opetus ja konsultointi, journalistiset palvelut,<a class=\"more-link\" href=\"https:\/\/jtpmedia.com\/en\/jtp-media-info-valokuvaaja-videokuvaaja\/\">Continue reading <span class=\"screen-reader-text\">&#8221;Info&#8221;<\/span><\/a><\/p>","protected":false},"author":65656472,"featured_media":0,"parent":0,"menu_order":0,"comment_status":"closed","ping_status":"closed","template":"","meta":{"_coblocks_attr":"","_coblocks_dimensions":"","_coblocks_responsive_height":"","_coblocks_accordion_ie_support":"","_crdt_document":"","footnotes":""},"class_list":["post-66","page","type-page","status-publish","hentry","entry"],"yoast_head":"<!-- This site is optimized with the Yoast SEO plugin v27.5 - https:\/\/yoast.com\/product\/yoast-seo-wordpress\/ -->\n<title>Info - JTP Media valokuvaaja ja videokuvaaja<\/title>\n<meta name=\"description\" content=\"Rento, rohkea ja moniulotteinen valokuvaaja ja videokuvaaja. Tarjoan kattavan valikoiman kuvauspalveluita, joiden avulla n\u00e4ytt\u00e4\u00e4 t\u00e4rkeimm\u00e4n sis\u00e4lt\u00f6si.\" \/>\n<meta name=\"robots\" content=\"index, follow, max-snippet:-1, max-image-preview:large, max-video-preview:-1\" \/>\n<link rel=\"canonical\" href=\"https:\/\/jtpmedia.com\/en\/jtp-media-info-valokuvaaja-videokuvaaja\/\" \/>\n<meta property=\"og:locale\" content=\"en_US\" \/>\n<meta property=\"og:type\" content=\"article\" \/>\n<meta property=\"og:title\" content=\"Info - JTP Media valokuvaaja ja videokuvaaja\" \/>\n<meta property=\"og:description\" content=\"Rento, rohkea ja moniulotteinen valokuvaaja ja videokuvaaja. Tarjoan kattavan valikoiman kuvauspalveluita, joiden avulla n\u00e4ytt\u00e4\u00e4 t\u00e4rkeimm\u00e4n sis\u00e4lt\u00f6si.\" \/>\n<meta property=\"og:url\" content=\"https:\/\/jtpmedia.com\/en\/jtp-media-info-valokuvaaja-videokuvaaja\/\" \/>\n<meta property=\"og:site_name\" content=\"JTP Media\" \/>\n<meta property=\"article:publisher\" content=\"https:\/\/www.facebook.com\/januszianphoto\/\" \/>\n<meta property=\"article:modified_time\" content=\"2022-10-31T18:28:01+00:00\" \/>\n<meta property=\"og:image\" content=\"https:\/\/jtpmedia.com\/wp-content\/uploads\/2019\/12\/dsc03604-edit-1.jpg?w=300\" \/>\n<meta name=\"twitter:card\" content=\"summary_large_image\" \/>\n<meta name=\"twitter:label1\" content=\"Est. reading time\" \/>\n\t<meta name=\"twitter:data1\" content=\"3 minutes\" \/>\n<script type=\"application\/ld+json\" class=\"yoast-schema-graph\">{\"@context\":\"https:\\\/\\\/schema.org\",\"@graph\":[{\"@type\":\"WebPage\",\"@id\":\"https:\\\/\\\/jtpmedia.com\\\/jtp-media-info-valokuvaaja-videokuvaaja\\\/\",\"url\":\"https:\\\/\\\/jtpmedia.com\\\/jtp-media-info-valokuvaaja-videokuvaaja\\\/\",\"name\":\"Info - JTP Media valokuvaaja ja videokuvaaja\",\"isPartOf\":{\"@id\":\"https:\\\/\\\/jtpmedia.com\\\/#website\"},\"primaryImageOfPage\":{\"@id\":\"https:\\\/\\\/jtpmedia.com\\\/jtp-media-info-valokuvaaja-videokuvaaja\\\/#primaryimage\"},\"image\":{\"@id\":\"https:\\\/\\\/jtpmedia.com\\\/jtp-media-info-valokuvaaja-videokuvaaja\\\/#primaryimage\"},\"thumbnailUrl\":\"https:\\\/\\\/jtpmedia.com\\\/wp-content\\\/uploads\\\/2019\\\/12\\\/dsc03604-edit-1.jpg?w=300\",\"datePublished\":\"2019-12-12T15:23:58+00:00\",\"dateModified\":\"2022-10-31T18:28:01+00:00\",\"description\":\"Rento, rohkea ja moniulotteinen valokuvaaja ja videokuvaaja. Tarjoan kattavan valikoiman kuvauspalveluita, joiden avulla n\u00e4ytt\u00e4\u00e4 t\u00e4rkeimm\u00e4n sis\u00e4lt\u00f6si.\",\"breadcrumb\":{\"@id\":\"https:\\\/\\\/jtpmedia.com\\\/jtp-media-info-valokuvaaja-videokuvaaja\\\/#breadcrumb\"},\"inLanguage\":\"en-US\",\"potentialAction\":[{\"@type\":\"ReadAction\",\"target\":[\"https:\\\/\\\/jtpmedia.com\\\/jtp-media-info-valokuvaaja-videokuvaaja\\\/\"]}]},{\"@type\":\"ImageObject\",\"inLanguage\":\"en-US\",\"@id\":\"https:\\\/\\\/jtpmedia.com\\\/jtp-media-info-valokuvaaja-videokuvaaja\\\/#primaryimage\",\"url\":\"https:\\\/\\\/jtpmedia.com\\\/wp-content\\\/uploads\\\/2019\\\/12\\\/dsc03604-edit-1.jpg?w=300\",\"contentUrl\":\"https:\\\/\\\/jtpmedia.com\\\/wp-content\\\/uploads\\\/2019\\\/12\\\/dsc03604-edit-1.jpg?w=300\"},{\"@type\":\"BreadcrumbList\",\"@id\":\"https:\\\/\\\/jtpmedia.com\\\/jtp-media-info-valokuvaaja-videokuvaaja\\\/#breadcrumb\",\"itemListElement\":[{\"@type\":\"ListItem\",\"position\":1,\"name\":\"Home\",\"item\":\"https:\\\/\\\/jtpmedia.com\\\/\"},{\"@type\":\"ListItem\",\"position\":2,\"name\":\"Info\"}]},{\"@type\":\"WebSite\",\"@id\":\"https:\\\/\\\/jtpmedia.com\\\/#website\",\"url\":\"https:\\\/\\\/jtpmedia.com\\\/\",\"name\":\"JTP Media\",\"description\":\"Ammattivalokuvaaja\",\"publisher\":{\"@id\":\"https:\\\/\\\/jtpmedia.com\\\/#organization\"},\"potentialAction\":[{\"@type\":\"SearchAction\",\"target\":{\"@type\":\"EntryPoint\",\"urlTemplate\":\"https:\\\/\\\/jtpmedia.com\\\/?s={search_term_string}\"},\"query-input\":{\"@type\":\"PropertyValueSpecification\",\"valueRequired\":true,\"valueName\":\"search_term_string\"}}],\"inLanguage\":\"en-US\"},{\"@type\":\"Organization\",\"@id\":\"https:\\\/\\\/jtpmedia.com\\\/#organization\",\"name\":\"JTP Media\",\"url\":\"https:\\\/\\\/jtpmedia.com\\\/\",\"logo\":{\"@type\":\"ImageObject\",\"inLanguage\":\"en-US\",\"@id\":\"https:\\\/\\\/jtpmedia.com\\\/#\\\/schema\\\/logo\\\/image\\\/\",\"url\":\"https:\\\/\\\/i0.wp.com\\\/jtpmedia.com\\\/wp-content\\\/uploads\\\/2019\\\/12\\\/18953560_1506517139407603_5650124792411493565_o.png?fit=960%2C960&ssl=1\",\"contentUrl\":\"https:\\\/\\\/i0.wp.com\\\/jtpmedia.com\\\/wp-content\\\/uploads\\\/2019\\\/12\\\/18953560_1506517139407603_5650124792411493565_o.png?fit=960%2C960&ssl=1\",\"width\":960,\"height\":960,\"caption\":\"JTP Media\"},\"image\":{\"@id\":\"https:\\\/\\\/jtpmedia.com\\\/#\\\/schema\\\/logo\\\/image\\\/\"},\"sameAs\":[\"https:\\\/\\\/www.facebook.com\\\/januszianphoto\\\/\",\"https:\\\/\\\/www.instagram.com\\\/januszian\\\/\",\"https:\\\/\\\/www.linkedin.com\\\/in\\\/janne-pappila-791a21126\\\/\"]}]}<\/script>\n<!-- \/ Yoast SEO plugin. -->","yoast_head_json":{"title":"Info - JTP Media valokuvaaja ja videokuvaaja","description":"Rento, rohkea ja moniulotteinen valokuvaaja ja videokuvaaja. Tarjoan kattavan valikoiman kuvauspalveluita, joiden avulla n\u00e4ytt\u00e4\u00e4 t\u00e4rkeimm\u00e4n sis\u00e4lt\u00f6si.","robots":{"index":"index","follow":"follow","max-snippet":"max-snippet:-1","max-image-preview":"max-image-preview:large","max-video-preview":"max-video-preview:-1"},"canonical":"https:\/\/jtpmedia.com\/en\/jtp-media-info-valokuvaaja-videokuvaaja\/","og_locale":"en_US","og_type":"article","og_title":"Info - JTP Media valokuvaaja ja videokuvaaja","og_description":"Rento, rohkea ja moniulotteinen valokuvaaja ja videokuvaaja. Tarjoan kattavan valikoiman kuvauspalveluita, joiden avulla n\u00e4ytt\u00e4\u00e4 t\u00e4rkeimm\u00e4n sis\u00e4lt\u00f6si.","og_url":"https:\/\/jtpmedia.com\/en\/jtp-media-info-valokuvaaja-videokuvaaja\/","og_site_name":"JTP Media","article_publisher":"https:\/\/www.facebook.com\/januszianphoto\/","article_modified_time":"2022-10-31T18:28:01+00:00","og_image":[{"url":"https:\/\/jtpmedia.com\/wp-content\/uploads\/2019\/12\/dsc03604-edit-1.jpg?w=300","type":"","width":"","height":""}],"twitter_card":"summary_large_image","twitter_misc":{"Est. reading time":"3 minutes"},"schema":{"@context":"https:\/\/schema.org","@graph":[{"@type":"WebPage","@id":"https:\/\/jtpmedia.com\/jtp-media-info-valokuvaaja-videokuvaaja\/","url":"https:\/\/jtpmedia.com\/jtp-media-info-valokuvaaja-videokuvaaja\/","name":"Info - JTP Media valokuvaaja ja videokuvaaja","isPartOf":{"@id":"https:\/\/jtpmedia.com\/#website"},"primaryImageOfPage":{"@id":"https:\/\/jtpmedia.com\/jtp-media-info-valokuvaaja-videokuvaaja\/#primaryimage"},"image":{"@id":"https:\/\/jtpmedia.com\/jtp-media-info-valokuvaaja-videokuvaaja\/#primaryimage"},"thumbnailUrl":"https:\/\/jtpmedia.com\/wp-content\/uploads\/2019\/12\/dsc03604-edit-1.jpg?w=300","datePublished":"2019-12-12T15:23:58+00:00","dateModified":"2022-10-31T18:28:01+00:00","description":"Rento, rohkea ja moniulotteinen valokuvaaja ja videokuvaaja. Tarjoan kattavan valikoiman kuvauspalveluita, joiden avulla n\u00e4ytt\u00e4\u00e4 t\u00e4rkeimm\u00e4n sis\u00e4lt\u00f6si.","breadcrumb":{"@id":"https:\/\/jtpmedia.com\/jtp-media-info-valokuvaaja-videokuvaaja\/#breadcrumb"},"inLanguage":"en-US","potentialAction":[{"@type":"ReadAction","target":["https:\/\/jtpmedia.com\/jtp-media-info-valokuvaaja-videokuvaaja\/"]}]},{"@type":"ImageObject","inLanguage":"en-US","@id":"https:\/\/jtpmedia.com\/jtp-media-info-valokuvaaja-videokuvaaja\/#primaryimage","url":"https:\/\/jtpmedia.com\/wp-content\/uploads\/2019\/12\/dsc03604-edit-1.jpg?w=300","contentUrl":"https:\/\/jtpmedia.com\/wp-content\/uploads\/2019\/12\/dsc03604-edit-1.jpg?w=300"},{"@type":"BreadcrumbList","@id":"https:\/\/jtpmedia.com\/jtp-media-info-valokuvaaja-videokuvaaja\/#breadcrumb","itemListElement":[{"@type":"ListItem","position":1,"name":"Home","item":"https:\/\/jtpmedia.com\/"},{"@type":"ListItem","position":2,"name":"Info"}]},{"@type":"WebSite","@id":"https:\/\/jtpmedia.com\/#website","url":"https:\/\/jtpmedia.com\/","name":"JTP Media","description":"Professional photographer","publisher":{"@id":"https:\/\/jtpmedia.com\/#organization"},"potentialAction":[{"@type":"SearchAction","target":{"@type":"EntryPoint","urlTemplate":"https:\/\/jtpmedia.com\/?s={search_term_string}"},"query-input":{"@type":"PropertyValueSpecification","valueRequired":true,"valueName":"search_term_string"}}],"inLanguage":"en-US"},{"@type":"Organization","@id":"https:\/\/jtpmedia.com\/#organization","name":"JTP Media","url":"https:\/\/jtpmedia.com\/","logo":{"@type":"ImageObject","inLanguage":"en-US","@id":"https:\/\/jtpmedia.com\/#\/schema\/logo\/image\/","url":"https:\/\/i0.wp.com\/jtpmedia.com\/wp-content\/uploads\/2019\/12\/18953560_1506517139407603_5650124792411493565_o.png?fit=960%2C960&ssl=1","contentUrl":"https:\/\/i0.wp.com\/jtpmedia.com\/wp-content\/uploads\/2019\/12\/18953560_1506517139407603_5650124792411493565_o.png?fit=960%2C960&ssl=1","width":960,"height":960,"caption":"JTP Media"},"image":{"@id":"https:\/\/jtpmedia.com\/#\/schema\/logo\/image\/"},"sameAs":["https:\/\/www.facebook.com\/januszianphoto\/","https:\/\/www.instagram.com\/januszian\/","https:\/\/www.linkedin.com\/in\/janne-pappila-791a21126\/"]}]}},"jetpack_likes_enabled":true,"jetpack_sharing_enabled":true,"jetpack_shortlink":"https:\/\/wp.me\/PbwSe1-14","_links":{"self":[{"href":"https:\/\/jtpmedia.com\/en\/wp-json\/wp\/v2\/pages\/66","targetHints":{"allow":["GET"]}}],"collection":[{"href":"https:\/\/jtpmedia.com\/en\/wp-json\/wp\/v2\/pages"}],"about":[{"href":"https:\/\/jtpmedia.com\/en\/wp-json\/wp\/v2\/types\/page"}],"author":[{"embeddable":true,"href":"https:\/\/jtpmedia.com\/en\/wp-json\/wp\/v2\/users\/65656472"}],"replies":[{"embeddable":true,"href":"https:\/\/jtpmedia.com\/en\/wp-json\/wp\/v2\/comments?post=66"}],"version-history":[{"count":21,"href":"https:\/\/jtpmedia.com\/en\/wp-json\/wp\/v2\/pages\/66\/revisions"}],"predecessor-version":[{"id":1132,"href":"https:\/\/jtpmedia.com\/en\/wp-json\/wp\/v2\/pages\/66\/revisions\/1132"}],"wp:attachment":[{"href":"https:\/\/jtpmedia.com\/en\/wp-json\/wp\/v2\/media?parent=66"}],"curies":[{"name":"wp","href":"https:\/\/api.w.org\/{rel}","templated":true}]}}